{"id":165,"date":"2025-10-07T12:12:05","date_gmt":"2025-10-07T12:12:05","guid":{"rendered":"https:\/\/omuroptik.com.tr\/?page_id=165"},"modified":"2025-10-07T12:13:34","modified_gmt":"2025-10-07T12:13:34","slug":"cerez-politikasi","status":"publish","type":"page","link":"https:\/\/omuroptik.com.tr\/?page_id=165","title":{"rendered":"\u00c7erez Politikas\u0131"},"content":{"rendered":"\n<h2 class=\"wp-block-heading\"><strong>\u00c7erez Politikas\u0131<\/strong><\/h2>\n\n\n\n<p>\u00d6m\u00fcr Optik olarak web sitemizde kullan\u0131c\u0131 deneyimini geli\u015ftirmek, hizmetlerimizi iyile\u015ftirmek ve g\u00fcvenli\u011fi sa\u011flamak amac\u0131yla \u00e7erezler (cookies) kullan\u0131yoruz.<\/p>\n\n\n\n<h3 class=\"wp-block-heading\">\u00c7erez Nedir?<\/h3>\n\n\n\n<p>\u00c7erezler, web sitemizi ziyaret etti\u011finizde cihaz\u0131n\u0131za kaydedilen k\u00fc\u00e7\u00fck metin dosyalar\u0131d\u0131r. Bu sayede site tercihlerinizi hat\u0131rlayabilir ve kullan\u0131m istatistiklerini analiz edebiliriz.<\/p>\n\n\n\n<h3 class=\"wp-block-heading\">Kullan\u0131lan \u00c7erez T\u00fcrleri<\/h3>\n\n\n\n<ul class=\"wp-block-list\">\n<li><strong>Zorunlu \u00c7erezler:<\/strong> Sitenin temel i\u015flevlerinin \u00e7al\u0131\u015fmas\u0131 i\u00e7in gereklidir.<\/li>\n\n\n\n<li><strong>Analitik \u00c7erezler:<\/strong> Web sitesi performans\u0131n\u0131 ve kullan\u0131c\u0131 davran\u0131\u015flar\u0131n\u0131 anlamam\u0131za yard\u0131mc\u0131 olur.<\/li>\n\n\n\n<li><strong>Fonksiyonel \u00c7erezler:<\/strong> Siteyi kullan\u0131c\u0131 tercihlerine g\u00f6re ki\u015fiselle\u015ftirmemize olanak sa\u011flar.<\/li>\n\n\n\n<li><strong>Reklam ve Hedefleme \u00c7erezleri:<\/strong> \u0130lgi alanlar\u0131n\u0131za uygun i\u00e7erik ve reklam sunmam\u0131za yard\u0131mc\u0131 olur.<\/li>\n<\/ul>\n\n\n\n<h3 class=\"wp-block-heading\">\u00c7erezlerin Y\u00f6netimi<\/h3>\n\n\n\n<p>Taray\u0131c\u0131 ayarlar\u0131n\u0131z \u00fczerinden \u00e7erezleri kabul etmeyi, reddetmeyi veya silebilirsiniz. \u00c7erezleri devre d\u0131\u015f\u0131 b\u0131rakman\u0131z halinde web sitemizin baz\u0131 \u00f6zellikleri d\u00fczg\u00fcn \u00e7al\u0131\u015fmayabilir.<\/p>\n","protected":false},"excerpt":{"rendered":"<p>\u00c7erez Politikas\u0131 \u00d6m\u00fcr Optik olarak web sitemizde kullan\u0131c\u0131 deneyimini geli\u015ftirmek, hizmetlerimizi iyile\u015ftirmek ve g\u00fcvenli\u011fi sa\u011flamak amac\u0131yla \u00e7erezler (cookies) kullan\u0131yoruz. \u00c7erez Nedir? \u00c7erezler, web sitemizi ziyaret etti\u011finizde<span class=\"excerpt-hellip\"> [\u2026]<\/span><\/p>\n","protected":false},"author":2,"featured_media":0,"parent":0,"menu_order":0,"comment_status":"closed","ping_status":"closed","template":"","meta":{"footnotes":""},"class_list":["post-165","page","type-page","status-publish","hentry"],"_links":{"self":[{"href":"https:\/\/omuroptik.com.tr\/index.php?rest_route=\/wp\/v2\/pages\/165","targetHints":{"allow":["GET"]}}],"collection":[{"href":"https:\/\/omuroptik.com.tr\/index.php?rest_route=\/wp\/v2\/pages"}],"about":[{"href":"https:\/\/omuroptik.com.tr\/index.php?rest_route=\/wp\/v2\/types\/page"}],"author":[{"embeddable":true,"href":"https:\/\/omuroptik.com.tr\/index.php?rest_route=\/wp\/v2\/users\/2"}],"replies":[{"embeddable":true,"href":"https:\/\/omuroptik.com.tr\/index.php?rest_route=%2Fwp%2Fv2%2Fcomments&post=165"}],"version-history":[{"count":2,"href":"https:\/\/omuroptik.com.tr\/index.php?rest_route=\/wp\/v2\/pages\/165\/revisions"}],"predecessor-version":[{"id":167,"href":"https:\/\/omuroptik.com.tr\/index.php?rest_route=\/wp\/v2\/pages\/165\/revisions\/167"}],"wp:attachment":[{"href":"https:\/\/omuroptik.com.tr\/index.php?rest_route=%2Fwp%2Fv2%2Fmedia&parent=165"}],"curies":[{"name":"wp","href":"https:\/\/api.w.org\/{rel}","templated":true}]}}